{"id":99,"date":"2022-09-08T10:29:57","date_gmt":"2022-09-08T10:29:57","guid":{"rendered":"https:\/\/badguys.rs\/services\/"},"modified":"2022-09-23T12:24:24","modified_gmt":"2022-09-23T12:24:24","slug":"corpo","status":"publish","type":"page","link":"https:\/\/badguys.rs\/en\/corpo\/","title":{"rendered":"Corpo"},"content":{"rendered":"<div data-elementor-type=\"wp-page\" data-elementor-id=\"99\" class=\"elementor elementor-99\">\n\t\t\t\t\t\t<section class=\"has_eae_slider elementor-section elementor-top-section elementor-element elementor-element-2f77bd6b elementor-section-full_width elementor-section-height-default elementor-section-height-default\" data-eae-slider=\"2307\" data-id=\"2f77bd6b\" data-element_type=\"section\">\n\t\t\t\t\t\t<div class=\"elementor-container elementor-column-gap-no\">\n\t\t\t\t\t<div class=\"has_eae_slider elementor-column elementor-col-100 elementor-top-column elementor-element elementor-element-2fcaccf8\" data-eae-slider=\"67961\" data-id=\"2fcaccf8\" data-element_type=\"column\">\n\t\t\t<div class=\"elementor-widget-wrap elementor-element-populated\">\n\t\t\t\t\t\t<div class=\"elementor-element elementor-element-20d35b7d elementor-widget elementor-widget-image\" data-id=\"20d35b7d\" data-element_type=\"widget\" data-settings=\"{&quot;motion_fx_motion_fx_scrolling&quot;:&quot;yes&quot;,&quot;motion_fx_scale_effect&quot;:&quot;yes&quot;,&quot;motion_fx_scale_speed&quot;:{&quot;unit&quot;:&quot;px&quot;,&quot;size&quot;:2,&quot;sizes&quot;:[]},&quot;motion_fx_scale_range&quot;:{&quot;unit&quot;:&quot;%&quot;,&quot;size&quot;:&quot;&quot;,&quot;sizes&quot;:{&quot;start&quot;:65,&quot;end&quot;:100}},&quot;motion_fx_scale_direction&quot;:&quot;out-in&quot;,&quot;motion_fx_devices&quot;:[&quot;desktop&quot;,&quot;laptop&quot;,&quot;tablet&quot;,&quot;mobile&quot;]}\" data-widget_type=\"image.default\">\n\t\t\t\t<div class=\"elementor-widget-container\">\n\t\t\t\t\t\t\t\t\t\t\t\t\t\t\t<img fetchpriority=\"high\" decoding=\"async\" width=\"1728\" height=\"717\" src=\"https:\/\/badguys.rs\/wp-content\/uploads\/2022\/09\/badguys-corpo-hero.jpg\" class=\"attachment-full size-full wp-image-298\" alt=\"\" srcset=\"https:\/\/badguys.rs\/wp-content\/uploads\/2022\/09\/badguys-corpo-hero.jpg 1728w, https:\/\/badguys.rs\/wp-content\/uploads\/2022\/09\/badguys-corpo-hero-300x124.jpg 300w, https:\/\/badguys.rs\/wp-content\/uploads\/2022\/09\/badguys-corpo-hero-1024x425.jpg 1024w, https:\/\/badguys.rs\/wp-content\/uploads\/2022\/09\/badguys-corpo-hero-768x319.jpg 768w, https:\/\/badguys.rs\/wp-content\/uploads\/2022\/09\/badguys-corpo-hero-1536x637.jpg 1536w\" sizes=\"(max-width: 1728px) 100vw, 1728px\" \/>\t\t\t\t\t\t\t\t\t\t\t\t\t\t\t<\/div>\n\t\t\t\t<\/div>\n\t\t\t\t\t<\/div>\n\t\t<\/div>\n\t\t\t\t\t<\/div>\n\t\t<\/section>\n\t\t\t\t<section class=\"has_eae_slider elementor-section elementor-top-section elementor-element elementor-element-5a4703d3 elementor-section-boxed elementor-section-height-default elementor-section-height-default\" data-eae-slider=\"89188\" data-id=\"5a4703d3\" data-element_type=\"section\">\n\t\t\t\t\t\t<div class=\"elementor-container elementor-column-gap-no\">\n\t\t\t\t\t<div class=\"has_eae_slider elementor-column elementor-col-100 elementor-top-column elementor-element elementor-element-10aedb8d\" data-eae-slider=\"16164\" data-id=\"10aedb8d\" data-element_type=\"column\">\n\t\t\t<div class=\"elementor-widget-wrap elementor-element-populated\">\n\t\t\t\t\t\t<div class=\"elementor-element elementor-element-6adddc51 elementor-invisible elementor-widget elementor-widget-text-editor\" data-id=\"6adddc51\" data-element_type=\"widget\" data-settings=\"{&quot;_animation&quot;:&quot;fadeInUp&quot;}\" data-widget_type=\"text-editor.default\">\n\t\t\t\t<div class=\"elementor-widget-container\">\n\t\t\t\t\t\t\t\t\t<p>TU SMO DA VAS NAHRANIMO<\/p>\t\t\t\t\t\t\t\t<\/div>\n\t\t\t\t<\/div>\n\t\t\t\t<div class=\"elementor-element elementor-element-70a1188f elementor-widget elementor-widget-heading\" data-id=\"70a1188f\" data-element_type=\"widget\" data-widget_type=\"heading.default\">\n\t\t\t\t<div class=\"elementor-widget-container\">\n\t\t\t\t\t<h1 class=\"elementor-heading-title elementor-size-default\">Sre\u0107a na usta ulazi<\/h1>\t\t\t\t<\/div>\n\t\t\t\t<\/div>\n\t\t\t\t\t<\/div>\n\t\t<\/div>\n\t\t\t\t\t<\/div>\n\t\t<\/section>\n\t\t\t\t<section class=\"has_eae_slider elementor-section elementor-top-section elementor-element elementor-element-2d6c2f09 elementor-section-full_width elementor-section-height-default elementor-section-height-default\" data-eae-slider=\"94599\" data-id=\"2d6c2f09\" data-element_type=\"section\">\n\t\t\t\t\t\t<div class=\"elementor-container elementor-column-gap-no\">\n\t\t\t\t\t<div class=\"has_eae_slider elementor-column elementor-col-50 elementor-top-column elementor-element elementor-element-4bdc42af\" data-eae-slider=\"36116\" data-id=\"4bdc42af\" data-element_type=\"column\">\n\t\t\t<div class=\"elementor-widget-wrap elementor-element-populated\">\n\t\t\t\t\t\t<div class=\"elementor-element elementor-element-5d5526a4 elementor-widget elementor-widget-heading\" data-id=\"5d5526a4\" data-element_type=\"widget\" data-widget_type=\"heading.default\">\n\t\t\t\t<div class=\"elementor-widget-container\">\n\t\t\t\t\t<h2 class=\"elementor-heading-title elementor-size-default\">Corpo Events<\/h2>\t\t\t\t<\/div>\n\t\t\t\t<\/div>\n\t\t\t\t<div class=\"elementor-element elementor-element-4eca966c elementor-widget elementor-widget-text-editor\" data-id=\"4eca966c\" data-element_type=\"widget\" data-widget_type=\"text-editor.default\">\n\t\t\t\t<div class=\"elementor-widget-container\">\n\t\t\t\t\t\t\t\t\t<p><span style=\"letter-spacing: -0.8px;\">Organizujete doga\u0111aj, team building ili aktivaciju brenda i razmi\u0161ljate kako da izdvojite Va\u0161 doga\u0111aj na pravi na\u010din? &#8211; Bad Guys Vam nudi sjajan na\u010din za to!<\/span><\/p>\t\t\t\t\t\t\t\t<\/div>\n\t\t\t\t<\/div>\n\t\t\t\t\t<\/div>\n\t\t<\/div>\n\t\t\t\t<div class=\"has_eae_slider elementor-column elementor-col-50 elementor-top-column elementor-element elementor-element-44deb1b0\" data-eae-slider=\"15645\" data-id=\"44deb1b0\" data-element_type=\"column\">\n\t\t\t<div class=\"elementor-widget-wrap elementor-element-populated\">\n\t\t\t\t\t\t<section class=\"has_eae_slider elementor-section elementor-inner-section elementor-element elementor-element-14e96f85 elementor-section-boxed elementor-section-height-default elementor-section-height-default\" data-eae-slider=\"14237\" data-id=\"14e96f85\" data-element_type=\"section\">\n\t\t\t\t\t\t<div class=\"elementor-container elementor-column-gap-default\">\n\t\t\t\t\t<div class=\"has_eae_slider elementor-column elementor-col-100 elementor-inner-column elementor-element elementor-element-34cc345\" data-eae-slider=\"64672\" data-id=\"34cc345\" data-element_type=\"column\">\n\t\t\t<div class=\"elementor-widget-wrap elementor-element-populated\">\n\t\t\t\t\t\t<div class=\"elementor-element elementor-element-27bedf5 elementor-widget elementor-widget-text-editor\" data-id=\"27bedf5\" data-element_type=\"widget\" data-widget_type=\"text-editor.default\">\n\t\t\t\t<div class=\"elementor-widget-container\">\n\t\t\t\t\t\t\t\t\t<p><span style=\"color: var( --e-global-color-text ); font-family: var( --e-global-typography-text-font-family ), Sans-serif; font-size: var( --e-global-typography-text-font-size ); font-style: var( --e-global-typography-text-font-style ); font-weight: var( --e-global-typography-text-font-weight ); letter-spacing: var( --e-global-typography-text-letter-spacing ); text-transform: var( --e-global-typography-text-text-transform ); word-spacing: var( --e-global-typography-text-word-spacing );\">Personalizovana aktivacija &#8211; Izaberite Bad Guys aktivaciju ili Bad Guys PopUp kitchen! Mi slu\u0161amo Va\u0161e potrebe i kreiramo aktivaciju po Va\u0161im instrukcijama.<\/span><\/p>\n<p>Mogu\u0107nost brendinga &#8211; Svaka aktivacija se mo\u017ee brendirati u skladu sa temom Va\u0161eg doga\u0111aja ili brenda.<\/p>\n<p>Mobilnost &#8211; Nakon definisanih detalja, monta\u017eu i demonta\u017eu aktivacije radi Bad Guys li\u010dno.<\/p>\t\t\t\t\t\t\t\t<\/div>\n\t\t\t\t<\/div>\n\t\t\t\t\t<\/div>\n\t\t<\/div>\n\t\t\t\t\t<\/div>\n\t\t<\/section>\n\t\t\t\t\t<\/div>\n\t\t<\/div>\n\t\t\t\t\t<\/div>\n\t\t<\/section>\n\t\t\t\t<\/div>","protected":false},"excerpt":{"rendered":"<p>TU SMO DA VAS NAHRANIMO Sre\u0107a na usta ulazi Corpo Events Organizujete doga\u0111aj, team building ili aktivaciju brenda i razmi\u0161ljate kako da izdvojite Va\u0161 doga\u0111aj na pravi na\u010din? &#8211; Bad Guys Vam nudi sjajan na\u010din za to! Personalizovana aktivacija &#8211; Izaberite Bad Guys aktivaciju ili Bad Guys PopUp kitchen! Mi slu\u0161amo Va\u0161e potrebe i kreiramo [&hellip;]<\/p>","protected":false},"author":1,"featured_media":0,"parent":0,"menu_order":0,"comment_status":"closed","ping_status":"closed","template":"elementor_header_footer","meta":{"footnotes":""},"class_list":["post-99","page","type-page","status-publish","hentry"],"_links":{"self":[{"href":"https:\/\/badguys.rs\/en\/wp-json\/wp\/v2\/pages\/99","targetHints":{"allow":["GET"]}}],"collection":[{"href":"https:\/\/badguys.rs\/en\/wp-json\/wp\/v2\/pages"}],"about":[{"href":"https:\/\/badguys.rs\/en\/wp-json\/wp\/v2\/types\/page"}],"author":[{"embeddable":true,"href":"https:\/\/badguys.rs\/en\/wp-json\/wp\/v2\/users\/1"}],"replies":[{"embeddable":true,"href":"https:\/\/badguys.rs\/en\/wp-json\/wp\/v2\/comments?post=99"}],"version-history":[{"count":21,"href":"https:\/\/badguys.rs\/en\/wp-json\/wp\/v2\/pages\/99\/revisions"}],"predecessor-version":[{"id":472,"href":"https:\/\/badguys.rs\/en\/wp-json\/wp\/v2\/pages\/99\/revisions\/472"}],"wp:attachment":[{"href":"https:\/\/badguys.rs\/en\/wp-json\/wp\/v2\/media?parent=99"}],"curies":[{"name":"wp","href":"https:\/\/api.w.org\/{rel}","templated":true}]}}